{"id":312,"date":"2024-11-01T14:57:57","date_gmt":"2024-11-01T13:57:57","guid":{"rendered":"https:\/\/thebaseandermatt.com\/standard\/"},"modified":"2025-03-20T16:08:20","modified_gmt":"2025-03-20T15:08:20","slug":"standard","status":"publish","type":"page","link":"https:\/\/thebaseandermatt.com\/de\/standard\/","title":{"rendered":"Standard"},"content":{"rendered":"","protected":false},"excerpt":{"rendered":"","protected":false},"author":1,"featured_media":0,"parent":0,"menu_order":0,"comment_status":"closed","ping_status":"closed","template":"","meta":{"_seopress_robots_primary_cat":"","_seopress_titles_title":"Standard-Apartments in Andermatt | The Base","_seopress_titles_desc":"Genie\u00dfen Sie stilvolle Standard-Apartments in Andermatt, ideal f\u00fcr Paare oder kleine Familien. Komfort, voll ausgestattete K\u00fcche und Zugang zu Premium-Services.","_seopress_robots_index":"","footnotes":""},"class_list":["post-312","page","type-page","status-publish","hentry"],"_links":{"self":[{"href":"https:\/\/thebaseandermatt.com\/de\/wp-json\/wp\/v2\/pages\/312","targetHints":{"allow":["GET"]}}],"collection":[{"href":"https:\/\/thebaseandermatt.com\/de\/wp-json\/wp\/v2\/pages"}],"about":[{"href":"https:\/\/thebaseandermatt.com\/de\/wp-json\/wp\/v2\/types\/page"}],"author":[{"embeddable":true,"href":"https:\/\/thebaseandermatt.com\/de\/wp-json\/wp\/v2\/users\/1"}],"replies":[{"embeddable":true,"href":"https:\/\/thebaseandermatt.com\/de\/wp-json\/wp\/v2\/comments?post=312"}],"version-history":[{"count":1,"href":"https:\/\/thebaseandermatt.com\/de\/wp-json\/wp\/v2\/pages\/312\/revisions"}],"predecessor-version":[{"id":330,"href":"https:\/\/thebaseandermatt.com\/de\/wp-json\/wp\/v2\/pages\/312\/revisions\/330"}],"wp:attachment":[{"href":"https:\/\/thebaseandermatt.com\/de\/wp-json\/wp\/v2\/media?parent=312"}],"curies":[{"name":"wp","href":"https:\/\/api.w.org\/{rel}","templated":true}]}}