{"id":304,"date":"2024-10-31T01:07:12","date_gmt":"2024-10-31T00:07:12","guid":{"rendered":"https:\/\/thebaseandermatt.com\/unterkuenfte\/"},"modified":"2025-03-20T15:23:15","modified_gmt":"2025-03-20T14:23:15","slug":"unterkuenfte","status":"publish","type":"page","link":"https:\/\/thebaseandermatt.com\/de\/unterkuenfte\/","title":{"rendered":"Unterk\u00fcnfte"},"content":{"rendered":"","protected":false},"excerpt":{"rendered":"","protected":false},"author":1,"featured_media":0,"parent":0,"menu_order":0,"comment_status":"closed","ping_status":"closed","template":"","meta":{"_seopress_robots_primary_cat":"","_seopress_titles_title":"Exklusive Unterk\u00fcnfte in Andermatt | The Base","_seopress_titles_desc":"Entdecken Sie luxuri\u00f6se Apartments in Andermatt, ideal f\u00fcr Familien und Gruppen. Von Standard bis Penthouse \u2013 Komfort und Eleganz in alpiner Umgebung.","_seopress_robots_index":"","footnotes":""},"class_list":["post-304","page","type-page","status-publish","hentry"],"_links":{"self":[{"href":"https:\/\/thebaseandermatt.com\/de\/wp-json\/wp\/v2\/pages\/304","targetHints":{"allow":["GET"]}}],"collection":[{"href":"https:\/\/thebaseandermatt.com\/de\/wp-json\/wp\/v2\/pages"}],"about":[{"href":"https:\/\/thebaseandermatt.com\/de\/wp-json\/wp\/v2\/types\/page"}],"author":[{"embeddable":true,"href":"https:\/\/thebaseandermatt.com\/de\/wp-json\/wp\/v2\/users\/1"}],"replies":[{"embeddable":true,"href":"https:\/\/thebaseandermatt.com\/de\/wp-json\/wp\/v2\/comments?post=304"}],"version-history":[{"count":1,"href":"https:\/\/thebaseandermatt.com\/de\/wp-json\/wp\/v2\/pages\/304\/revisions"}],"predecessor-version":[{"id":318,"href":"https:\/\/thebaseandermatt.com\/de\/wp-json\/wp\/v2\/pages\/304\/revisions\/318"}],"wp:attachment":[{"href":"https:\/\/thebaseandermatt.com\/de\/wp-json\/wp\/v2\/media?parent=304"}],"curies":[{"name":"wp","href":"https:\/\/api.w.org\/{rel}","templated":true}]}}